{"id":16236,"date":"2025-04-21T09:01:53","date_gmt":"2025-04-21T09:01:53","guid":{"rendered":"https:\/\/www.jednozycie.cfolks.pl\/?page_id=16236"},"modified":"2025-04-21T09:18:16","modified_gmt":"2025-04-21T09:18:16","slug":"darczncy","status":"publish","type":"page","link":"https:\/\/www.jednozycie.com.pl\/index.php\/darczncy\/","title":{"rendered":"Darcz\u0144cy"},"content":{"rendered":"\t\t<div data-elementor-type=\"wp-page\" data-elementor-id=\"16236\" class=\"elementor elementor-16236\">\n\t\t\t\t<div class=\"elementor-element elementor-element-f73d37b e-flex e-con-boxed e-con e-parent\" data-id=\"f73d37b\" data-element_type=\"container\">\n\t\t\t\t\t<div class=\"e-con-inner\">\n\t\t\t\t<div class=\"elementor-element elementor-element-00917f4 elementor-widget elementor-widget-text-editor\" data-id=\"00917f4\" data-element_type=\"widget\" data-widget_type=\"text-editor.default\">\n\t\t\t\t<div class=\"elementor-widget-container\">\n\t\t\t\t\t\t\t\t\t<p>PODZI\u0118KOWANIA DLA KSI\u0118DZA DAMIANA KUREK I DLA UCZNI\u00d3W<br \/><br \/>Spo\u0142eczno\u015b\u0107 Zak\u0142adu Opieku\u0144czo \u2013 Leczniczego \u201e Przysta\u0144 \u201d w Mielcu pragnie serdecznie podzi\u0119kowa\u0107 ksi\u0119dzu Damianowi Kurek za pomys\u0142 przeprowadzenia wraz z uczniami Szko\u0142y Podstawowej nr 3 w Mielcu zbi\u00f3rki \u201e Pom\u00f3\u017c seniorom u\u015bmiecha\u0107 si\u0119 \u201d. Przedsi\u0119wzi\u0119cie, kt\u00f3re trwa\u0142o od po\u0142owy listopada do 6 grudnia 2023r pozwoli\u0142o zgromadzi\u0107 rzeczy i materia\u0142y potrzebne chorym do codziennych zaj\u0119\u0107, przynios\u0142o im wiele rado\u015bci i wzrusze\u0144. Jeste\u015bmy wdzi\u0119czni ksi\u0119dzu i uczniom za pi\u0119kny gest i empati\u0119. Dzi\u0119kujemy tak\u017ce wszystkim innym osobom, kt\u00f3re bra\u0142y udzia\u0142 w tym szlachetnym celu.<\/p><p>\u00a0<\/p><table border=\"0\" width=\"840\" cellspacing=\"3\" cellpadding=\"3\" align=\"center\"><tbody><tr><td class=\"tx1\" width=\"100%\"><p>Dzi\u0119ki wsparciu ze strony naszych darczy\u0144c\u00f3w, Stowarzyszenie &#8220;Jedno \u017cycie&#8221; ma mo\u017cliwo\u015b\u0107 realizacji swoich dzia\u0142a\u0144 statutowych oraz poprzez swoj\u0105 dzia\u0142alno\u015b\u0107 poprawi\u0107 jako\u015b\u0107 opieki zdrowotnej nad osobami przewlekle chorymi i d\u0142ugotrwale unieruchomionymi.<br \/>W tym miejscu chcieliby\u015bmy serdecznie podzi\u0119kowa\u0107 wszystkim, kt\u00f3rzy wspomogli realizacj\u0105 cel\u00f3w naszej organizacji. Pomaga\u0142o nam wiele os\u00f3b oraz firm prywatnych, dzi\u0119kujemy za to, co dla nas zrobili.<br \/><br \/>Serdecznie dzi\u0119kujemy wszystkim darczy\u0144com.<\/p><\/td><\/tr><\/tbody><\/table>\t\t\t\t\t\t\t\t<\/div>\n\t\t\t\t<\/div>\n\t\t\t\t\t<\/div>\n\t\t\t\t<\/div>\n\t\t\t\t<\/div>\n\t\t","protected":false},"excerpt":{"rendered":"<p>PODZI\u0118KOWANIA DLA KSI\u0118DZA DAMIANA KUREK I DLA UCZNI\u00d3W Spo\u0142eczno\u015b\u0107 Zak\u0142adu Opieku\u0144czo \u2013 Leczniczego \u201e Przysta\u0144 \u201d w Mielcu pragnie serdecznie podzi\u0119kowa\u0107 ksi\u0119dzu Damianowi Kurek za pomys\u0142 przeprowadzenia wraz z uczniami Szko\u0142y Podstawowej nr 3 w Mielcu zbi\u00f3rki \u201e Pom\u00f3\u017c seniorom u\u015bmiecha\u0107 si\u0119 \u201d. Przedsi\u0119wzi\u0119cie, kt\u00f3re trwa\u0142o od po\u0142owy listopada do 6 grudnia 2023r pozwoli\u0142o zgromadzi\u0107 [&hellip;]<\/p>\n","protected":false},"author":1,"featured_media":0,"parent":0,"menu_order":0,"comment_status":"closed","ping_status":"closed","template":"","meta":{"footnotes":""},"class_list":["post-16236","page","type-page","status-publish","hentry"],"_links":{"self":[{"href":"https:\/\/www.jednozycie.com.pl\/index.php\/wp-json\/wp\/v2\/pages\/16236","targetHints":{"allow":["GET"]}}],"collection":[{"href":"https:\/\/www.jednozycie.com.pl\/index.php\/wp-json\/wp\/v2\/pages"}],"about":[{"href":"https:\/\/www.jednozycie.com.pl\/index.php\/wp-json\/wp\/v2\/types\/page"}],"author":[{"embeddable":true,"href":"https:\/\/www.jednozycie.com.pl\/index.php\/wp-json\/wp\/v2\/users\/1"}],"replies":[{"embeddable":true,"href":"https:\/\/www.jednozycie.com.pl\/index.php\/wp-json\/wp\/v2\/comments?post=16236"}],"version-history":[{"count":7,"href":"https:\/\/www.jednozycie.com.pl\/index.php\/wp-json\/wp\/v2\/pages\/16236\/revisions"}],"predecessor-version":[{"id":16279,"href":"https:\/\/www.jednozycie.com.pl\/index.php\/wp-json\/wp\/v2\/pages\/16236\/revisions\/16279"}],"wp:attachment":[{"href":"https:\/\/www.jednozycie.com.pl\/index.php\/wp-json\/wp\/v2\/media?parent=16236"}],"curies":[{"name":"wp","href":"https:\/\/api.w.org\/{rel}","templated":true}]}}