{"id":16241,"date":"2025-04-21T09:02:12","date_gmt":"2025-04-21T09:02:12","guid":{"rendered":"https:\/\/www.jednozycie.cfolks.pl\/?page_id=16241"},"modified":"2025-04-21T09:17:28","modified_gmt":"2025-04-21T09:17:28","slug":"misja","status":"publish","type":"page","link":"https:\/\/www.jednozycie.com.pl\/index.php\/misja\/","title":{"rendered":"Misja"},"content":{"rendered":"\t\t<div data-elementor-type=\"wp-page\" data-elementor-id=\"16241\" class=\"elementor elementor-16241\">\n\t\t\t\t<div class=\"elementor-element elementor-element-f42eadf e-flex e-con-boxed e-con e-parent\" data-id=\"f42eadf\" data-element_type=\"container\">\n\t\t\t\t\t<div class=\"e-con-inner\">\n\t\t\t\t<div class=\"elementor-element elementor-element-9955647 elementor-widget elementor-widget-text-editor\" data-id=\"9955647\" data-element_type=\"widget\" data-widget_type=\"text-editor.default\">\n\t\t\t\t<div class=\"elementor-widget-container\">\n\t\t\t\t\t\t\t\t\t<p>Stowarzyszenie &#8220;Jedno \u017cycie&#8221; prowadzi dzia\u0142alno\u015b\u0107 po\u017cytku publicznego w dziedzinie pomocy spo\u0142ecznej w tym pomocy rodzinom i osobom w trudnej sytuacji \u017cyciowej oraz wyr\u00f3wnywania szans tych rodzin i os\u00f3b, ochrony i promocji zdrowia, dzia\u0142ania na rzecz os\u00f3b niepe\u0142nosprawnych, edukacji zdrowotnej.<br \/><br \/><b>Zadania sfery po\u017cytku publicznego:<\/b><br \/>Na podstawie art. 4 ustawy o dzia\u0142alno\u015bci po\u017cytku publicznego i o wolontariacie:<br \/>1) pomoc spo\u0142eczna, w tym pomoc rodzinom i osobom w trudnej sytuacji \u017cyciowej oraz wyr\u00f3wnywania szans tych rodzin i os\u00f3b<br \/>2) ochrona i promocja zdrowia<br \/>3) dzia\u0142ania na rzecz os\u00f3b niepe\u0142nosprawnych<\/p>\t\t\t\t\t\t\t\t<\/div>\n\t\t\t\t<\/div>\n\t\t\t\t\t<\/div>\n\t\t\t\t<\/div>\n\t\t\t\t<\/div>\n\t\t","protected":false},"excerpt":{"rendered":"<p>Stowarzyszenie &#8220;Jedno \u017cycie&#8221; prowadzi dzia\u0142alno\u015b\u0107 po\u017cytku publicznego w dziedzinie pomocy spo\u0142ecznej w tym pomocy rodzinom i osobom w trudnej sytuacji \u017cyciowej oraz wyr\u00f3wnywania szans tych rodzin i os\u00f3b, ochrony i promocji zdrowia, dzia\u0142ania na rzecz os\u00f3b niepe\u0142nosprawnych, edukacji zdrowotnej. Zadania sfery po\u017cytku publicznego:Na podstawie art. 4 ustawy o dzia\u0142alno\u015bci po\u017cytku publicznego i o wolontariacie:1) pomoc [&hellip;]<\/p>\n","protected":false},"author":1,"featured_media":0,"parent":0,"menu_order":0,"comment_status":"closed","ping_status":"closed","template":"","meta":{"footnotes":""},"class_list":["post-16241","page","type-page","status-publish","hentry"],"_links":{"self":[{"href":"https:\/\/www.jednozycie.com.pl\/index.php\/wp-json\/wp\/v2\/pages\/16241","targetHints":{"allow":["GET"]}}],"collection":[{"href":"https:\/\/www.jednozycie.com.pl\/index.php\/wp-json\/wp\/v2\/pages"}],"about":[{"href":"https:\/\/www.jednozycie.com.pl\/index.php\/wp-json\/wp\/v2\/types\/page"}],"author":[{"embeddable":true,"href":"https:\/\/www.jednozycie.com.pl\/index.php\/wp-json\/wp\/v2\/users\/1"}],"replies":[{"embeddable":true,"href":"https:\/\/www.jednozycie.com.pl\/index.php\/wp-json\/wp\/v2\/comments?post=16241"}],"version-history":[{"count":10,"href":"https:\/\/www.jednozycie.com.pl\/index.php\/wp-json\/wp\/v2\/pages\/16241\/revisions"}],"predecessor-version":[{"id":16276,"href":"https:\/\/www.jednozycie.com.pl\/index.php\/wp-json\/wp\/v2\/pages\/16241\/revisions\/16276"}],"wp:attachment":[{"href":"https:\/\/www.jednozycie.com.pl\/index.php\/wp-json\/wp\/v2\/media?parent=16241"}],"curies":[{"name":"wp","href":"https:\/\/api.w.org\/{rel}","templated":true}]}}